{"id":7636,"date":"2022-09-21T15:26:18","date_gmt":"2022-09-21T14:26:18","guid":{"rendered":"https:\/\/inocainternational.com\/?page_id=7636"},"modified":"2024-07-29T12:44:42","modified_gmt":"2024-07-29T11:44:42","slug":"living-life-with-inoca","status":"publish","type":"page","link":"https:\/\/inocainternational.com\/es\/living-life-with-inoca\/","title":{"rendered":"Vivir la Vida con INOCA"},"content":{"rendered":"<div class=\"wp-block-group redesign-featured-group is-vertical is-content-justification-center is-layout-flex wp-container-core-group-is-layout-4b2eccd6 wp-block-group-is-layout-flex\">\n<figure class=\"wp-block-image size-full featured-image-redesign\"><img data-recalc-dims=\"1\" fetchpriority=\"high\" decoding=\"async\" width=\"525\" height=\"349\" src=\"https:\/\/i0.wp.com\/inocainternational.com\/wp-content\/uploads\/2024\/01\/Living-Life-with-INOCA-1-e1663785884515.png?resize=525%2C349&#038;ssl=1\" alt=\"\" class=\"wp-image-9189\" srcset=\"https:\/\/i0.wp.com\/inocainternational.com\/wp-content\/uploads\/2024\/01\/Living-Life-with-INOCA-1-e1663785884515.png?w=945&amp;ssl=1 945w, https:\/\/i0.wp.com\/inocainternational.com\/wp-content\/uploads\/2024\/01\/Living-Life-with-INOCA-1-e1663785884515.png?resize=300%2C199&amp;ssl=1 300w, https:\/\/i0.wp.com\/inocainternational.com\/wp-content\/uploads\/2024\/01\/Living-Life-with-INOCA-1-e1663785884515.png?resize=768%2C510&amp;ssl=1 768w, https:\/\/i0.wp.com\/inocainternational.com\/wp-content\/uploads\/2024\/01\/Living-Life-with-INOCA-1-e1663785884515.png?resize=18%2C12&amp;ssl=1 18w, https:\/\/i0.wp.com\/inocainternational.com\/wp-content\/uploads\/2024\/01\/Living-Life-with-INOCA-1-e1663785884515.png?resize=500%2C332&amp;ssl=1 500w\" sizes=\"(max-width: 767px) 89vw, (max-width: 1000px) 54vw, (max-width: 1071px) 543px, 580px\" \/><\/figure>\n\n\n\n<h2 class=\"wp-block-heading has-text-align-center\">Living Life with INOCA<\/h2>\n\n\n\n<div class=\"wp-block-columns redesign-feature-columns is-layout-flex wp-container-core-columns-is-layout-9d6595d7 wp-block-columns-is-layout-flex\">\n<div class=\"wp-block-column redesign-feature-column is-layout-flow wp-block-column-is-layout-flow\">\n<p class=\"has-text-align-center has-white-color has-text-color\" style=\"font-size:24px\"><br>\u201cEn ocasiones, algo tan simple como usar\nuna botella de agua caliente o incluso\naprender una t\u00e9cnica mejor para respirar\npuede ser de gran ayuda\u201d.<br><br><mark style=\"background-color:rgba(0, 0, 0, 0);color:#c6d4e0\" class=\"has-inline-color\"><em>Un paciente con INOCA<\/em><\/mark><em><mark style=\"background-color:rgba(0, 0, 0, 0);color:#d2dce5\" class=\"has-inline-color\"><\/mark><\/em><\/p>\n<\/div>\n\n\n\n<div class=\"wp-block-column redesign-feature-column is-layout-flow wp-block-column-is-layout-flow\">\n<p class=\"has-text-align-justify\">Living with an INOCA condition can be difficult. Patients can sometimes experience symptoms they don&#8217;t expect and can&#8217;t explain.  It can help to hear from others who have experienced similar things. On this page you will find ideas kindly suggested by fellow patients in the hope these are of help for other patients too.<br><\/p>\n<\/div>\n<\/div>\n<\/div>\n\n\n\n<p class=\"has-text-align-center has-text-color\" style=\"color:#040c9a;font-size:40px\"><mark style=\"background-color:rgba(0, 0, 0, 0);color:#972061\" class=\"has-inline-color\"><span style=\"text-decoration: underline;\"><strong>Bienvenido\/a a nuestra P\u00e1gina Interactiva\npara Pacientes<\/strong><\/span><\/mark><\/p>\n\n\n\n<div class=\"wp-block-columns is-layout-flex wp-container-core-columns-is-layout-9d6595d7 wp-block-columns-is-layout-flex\">\n<div class=\"wp-block-column is-layout-flow wp-block-column-is-layout-flow\" style=\"flex-basis:75%\">\n<p class=\"has-text-align-justify\">En esta p\u00e1gina, los pacientes de INOCA de\ntodo el mundo est\u00e1n invitados\/as a\ncompartir las cosas que ellos mismos\npodr\u00edan haber encontrado \u00fatiles en su\npropio viaje. Es posible que, al principio,\nsientas que no tienes nada que compartir,\npero es importante recordar que el\nconocimiento compartido por aquellos que\nhan experimentado el viaje, a menudo\npuede sentirse como un salvavidas para los\npacientes con INOCA que acaban de ser\ndiagnosticados\/as o que a\u00fan est\u00e1n en busca\nde un diagn\u00f3stico. Todo lo que se a\u00f1ada a\nesta p\u00e1gina, se publicar\u00e1 de forma an\u00f3nima.<br><br>La primera \u00e1rea en la que nos centraremos\nes \u201c<strong>Descansar e Ir al Paso<\/strong>\u201d. Puedes enviar\ntus comentarios, fotograf\u00edas, ideas y\nsugerencias sobre el tema actual\nenvi\u00e1ndonos un correo electr\u00f3nico a: <span style=\"text-decoration: underline;\"><a href=\"mailto:LivinglifewithINOCA@Inocainternational.com\">LivinglifewithINOCA@Inocainternational.com<\/a><\/span><br><br><strong><em>El \u00e1rea del asunto actual invitando a las\naportaciones de los pacientes, siempre se\nmostrar\u00e1 resaltada en verde en la imagen a\ncontinuaci\u00f3n.<\/em><\/strong>.  <\/p>\n<\/div>\n\n\n\n<div class=\"wp-block-column is-layout-flow wp-block-column-is-layout-flow\" style=\"flex-basis:33.33%\"><div class=\"wp-block-image is-style-rounded\">\n<figure class=\"aligncenter size-large is-resized\"><img data-recalc-dims=\"1\" decoding=\"async\" width=\"525\" height=\"576\" src=\"https:\/\/i0.wp.com\/inocainternational.com\/wp-content\/uploads\/2022\/09\/Dr-William-FM-Fulton-MD-Thesis-1960-University-of-Glasgow-copyright.-1.png?resize=525%2C576&#038;ssl=1\" alt=\"\" class=\"wp-image-7721\" style=\"width:456px;height:500px\" srcset=\"https:\/\/i0.wp.com\/inocainternational.com\/wp-content\/uploads\/2022\/09\/Dr-William-FM-Fulton-MD-Thesis-1960-University-of-Glasgow-copyright.-1.png?resize=933%2C1024&amp;ssl=1 933w, https:\/\/i0.wp.com\/inocainternational.com\/wp-content\/uploads\/2022\/09\/Dr-William-FM-Fulton-MD-Thesis-1960-University-of-Glasgow-copyright.-1.png?resize=273%2C300&amp;ssl=1 273w, https:\/\/i0.wp.com\/inocainternational.com\/wp-content\/uploads\/2022\/09\/Dr-William-FM-Fulton-MD-Thesis-1960-University-of-Glasgow-copyright.-1.png?resize=768%2C843&amp;ssl=1 768w, https:\/\/i0.wp.com\/inocainternational.com\/wp-content\/uploads\/2022\/09\/Dr-William-FM-Fulton-MD-Thesis-1960-University-of-Glasgow-copyright.-1.png?resize=1399%2C1536&amp;ssl=1 1399w, https:\/\/i0.wp.com\/inocainternational.com\/wp-content\/uploads\/2022\/09\/Dr-William-FM-Fulton-MD-Thesis-1960-University-of-Glasgow-copyright.-1.png?resize=1866%2C2048&amp;ssl=1 1866w, https:\/\/i0.wp.com\/inocainternational.com\/wp-content\/uploads\/2022\/09\/Dr-William-FM-Fulton-MD-Thesis-1960-University-of-Glasgow-copyright.-1.png?resize=500%2C549&amp;ssl=1 500w, https:\/\/i0.wp.com\/inocainternational.com\/wp-content\/uploads\/2022\/09\/Dr-William-FM-Fulton-MD-Thesis-1960-University-of-Glasgow-copyright.-1.png?w=1050&amp;ssl=1 1050w, https:\/\/i0.wp.com\/inocainternational.com\/wp-content\/uploads\/2022\/09\/Dr-William-FM-Fulton-MD-Thesis-1960-University-of-Glasgow-copyright.-1.png?w=1575&amp;ssl=1 1575w\" sizes=\"(max-width: 767px) 89vw, (max-width: 1000px) 54vw, (max-width: 1071px) 543px, 580px\" \/><\/figure>\n<\/div><\/div>\n<\/div>\n\n\n\n<p class=\"has-text-align-center has-black-color has-text-color\" style=\"font-size:25px\"><strong><span style=\"text-decoration: underline;\">NOTA IMPORTANTE<\/span><\/strong><br><em>As is the case for all the pages on our website, nothing on this page should be considered in any way as any form of medical advice or recommendation<\/em>. <em>Como siempre, aseg\u00farate de\nconsultar con tus propios m\u00e9dicos y equipos\nde atenci\u00f3n sanitaria antes de probar algo\nnuevo y antes de realizar cambios en tu\nmedicaci\u00f3n, planes de tratamiento o rutinas\nactuales.<\/em><\/p>\n\n\n\n<p class=\"has-background\" style=\"background-color:#5b9bd5\"><\/p>\n\n\n\n<p><\/p>\n\n\n\n<div class=\"wp-block-columns are-vertically-aligned-center is-layout-flex wp-container-core-columns-is-layout-9d6595d7 wp-block-columns-is-layout-flex\">\n<div class=\"wp-block-column is-vertically-aligned-center is-layout-flow wp-block-column-is-layout-flow\" style=\"flex-basis:100%\">\n<div class=\"wp-block-columns is-layout-flex wp-container-core-columns-is-layout-9d6595d7 wp-block-columns-is-layout-flex\">\n<div class=\"wp-block-column is-layout-flow wp-block-column-is-layout-flow\" style=\"flex-basis:66.66%\">\n<p><\/p>\n\n\n\n<figure class=\"wp-block-image size-large is-resized\"><img data-recalc-dims=\"1\" decoding=\"async\" width=\"525\" height=\"573\" src=\"https:\/\/i0.wp.com\/inocainternational.com\/wp-content\/uploads\/2022\/09\/LIVING-LIFE-WITH-INOCA-Blue-Spider-Diagram.png?resize=525%2C573&#038;ssl=1\" alt=\"\" class=\"wp-image-7716\" style=\"width:718px;height:782px\" srcset=\"https:\/\/i0.wp.com\/inocainternational.com\/wp-content\/uploads\/2022\/09\/LIVING-LIFE-WITH-INOCA-Blue-Spider-Diagram.png?resize=939%2C1024&amp;ssl=1 939w, https:\/\/i0.wp.com\/inocainternational.com\/wp-content\/uploads\/2022\/09\/LIVING-LIFE-WITH-INOCA-Blue-Spider-Diagram.png?resize=275%2C300&amp;ssl=1 275w, https:\/\/i0.wp.com\/inocainternational.com\/wp-content\/uploads\/2022\/09\/LIVING-LIFE-WITH-INOCA-Blue-Spider-Diagram.png?resize=768%2C837&amp;ssl=1 768w, https:\/\/i0.wp.com\/inocainternational.com\/wp-content\/uploads\/2022\/09\/LIVING-LIFE-WITH-INOCA-Blue-Spider-Diagram.png?resize=1409%2C1536&amp;ssl=1 1409w, https:\/\/i0.wp.com\/inocainternational.com\/wp-content\/uploads\/2022\/09\/LIVING-LIFE-WITH-INOCA-Blue-Spider-Diagram.png?resize=1879%2C2048&amp;ssl=1 1879w, https:\/\/i0.wp.com\/inocainternational.com\/wp-content\/uploads\/2022\/09\/LIVING-LIFE-WITH-INOCA-Blue-Spider-Diagram.png?resize=500%2C545&amp;ssl=1 500w, https:\/\/i0.wp.com\/inocainternational.com\/wp-content\/uploads\/2022\/09\/LIVING-LIFE-WITH-INOCA-Blue-Spider-Diagram.png?w=1050&amp;ssl=1 1050w, https:\/\/i0.wp.com\/inocainternational.com\/wp-content\/uploads\/2022\/09\/LIVING-LIFE-WITH-INOCA-Blue-Spider-Diagram.png?w=1575&amp;ssl=1 1575w\" sizes=\"(max-width: 767px) 89vw, (max-width: 1000px) 54vw, (max-width: 1071px) 543px, 580px\" \/><\/figure>\n<\/div>\n\n\n\n<div class=\"wp-block-column living-with-inoca-focus-boxes is-layout-flow wp-block-column-is-layout-flow\" style=\"flex-basis:33.33%\">\n<p><\/p>\n\n\n\n<p class=\"has-text-align-center has-white-color has-text-color has-background\" style=\"background-color:#71e76a\"><a href=\"https:\/\/inocainternational.com\/es\/pacing-and-resting\/\">Descansar e Ir al Paso<\/a><\/p>\n\n\n\n<p><\/p>\n\n\n\n<p class=\"has-text-align-center has-white-color has-text-color has-background\" style=\"background-color:#609bcf\">Manejar los S\u00edntomas<\/p>\n\n\n\n<p><\/p>\n\n\n\n<p class=\"has-text-align-center has-white-color has-text-color has-background\" style=\"background-color:#609bcf\">Movimiento y Ejercicio<\/p>\n\n\n\n<p><\/p>\n\n\n\n<p class=\"has-text-align-center has-white-color has-text-color has-background\" style=\"background-color:#609bcf\">El Enfoque Hol\u00edstico<\/p>\n<\/div>\n\n\n\n<div class=\"wp-block-column living-with-inoca-focus-boxes is-layout-flow wp-block-column-is-layout-flow\" style=\"flex-basis:33.33%\">\n<p><\/p>\n\n\n\n<p class=\"has-text-align-center has-white-color has-text-color has-background\" style=\"background-color:#609bcf\">Autoayuda<\/p>\n\n\n\n<p><\/p>\n\n\n\n<p class=\"has-text-align-center has-white-color has-text-color has-background\" style=\"background-color:#609bcf\">Apoyo<\/p>\n\n\n\n<p><\/p>\n\n\n\n<p class=\"has-text-align-center has-white-color has-text-color has-background\" style=\"background-color:#609bcf\">Alimentaci\u00f3n Saludable<\/p>\n\n\n\n<p><\/p>\n\n\n\n<p class=\"has-text-align-center has-white-color has-text-color has-background\" style=\"background-color:#609bcf\">Adaptarse A Una Nueva Vida<\/p>\n\n\n\n<p><\/p>\n\n\n\n<p><\/p>\n<\/div>\n<\/div>\n<\/div>\n<\/div>","protected":false},"excerpt":{"rendered":"<p>Living Life with INOCA &#8220;Sometimes something as simple as using a hot water bottle, or even learning a better breathing technique can really help&#8221; An INOCA patient Living with an INOCA condition can be difficult. Patients can sometimes experience symptoms they don&#8217;t expect and can&#8217;t explain. It can help to hear from others who have &hellip; <\/p>\n<p class=\"link-more\"><a href=\"https:\/\/inocainternational.com\/es\/living-life-with-inoca\/\" class=\"more-link\">Continue reading<span class=\"screen-reader-text\"> &#8220;Living Life With INOCA&#8221;<\/span><\/a><\/p>","protected":false},"author":3,"featured_media":0,"parent":0,"menu_order":0,"comment_status":"closed","ping_status":"closed","template":"","meta":{"footnotes":""},"class_list":["post-7636","page","type-page","status-publish","hentry"],"jetpack_sharing_enabled":true,"_links":{"self":[{"href":"https:\/\/inocainternational.com\/es\/wp-json\/wp\/v2\/pages\/7636","targetHints":{"allow":["GET"]}}],"collection":[{"href":"https:\/\/inocainternational.com\/es\/wp-json\/wp\/v2\/pages"}],"about":[{"href":"https:\/\/inocainternational.com\/es\/wp-json\/wp\/v2\/types\/page"}],"author":[{"embeddable":true,"href":"https:\/\/inocainternational.com\/es\/wp-json\/wp\/v2\/users\/3"}],"replies":[{"embeddable":true,"href":"https:\/\/inocainternational.com\/es\/wp-json\/wp\/v2\/comments?post=7636"}],"version-history":[{"count":4,"href":"https:\/\/inocainternational.com\/es\/wp-json\/wp\/v2\/pages\/7636\/revisions"}],"predecessor-version":[{"id":9523,"href":"https:\/\/inocainternational.com\/es\/wp-json\/wp\/v2\/pages\/7636\/revisions\/9523"}],"wp:attachment":[{"href":"https:\/\/inocainternational.com\/es\/wp-json\/wp\/v2\/media?parent=7636"}],"curies":[{"name":"wp","href":"https:\/\/api.w.org\/{rel}","templated":true}]}}