{"id":5473,"date":"2022-08-15T15:37:26","date_gmt":"2022-08-15T14:37:26","guid":{"rendered":"https:\/\/inocainternational.com\/?page_id=5473"},"modified":"2024-10-21T10:20:21","modified_gmt":"2024-10-21T09:20:21","slug":"research","status":"publish","type":"page","link":"https:\/\/inocainternational.com\/es\/research\/","title":{"rendered":"Investigaci\u00f3n"},"content":{"rendered":"<div class=\"wp-block-group redesign-featured-group is-vertical is-layout-flex wp-container-core-group-is-layout-8cf370e7 wp-block-group-is-layout-flex\">\n<figure class=\"wp-block-image size-large featured-image-redesign\"><img data-recalc-dims=\"1\" fetchpriority=\"high\" decoding=\"async\" width=\"525\" height=\"350\" src=\"https:\/\/i0.wp.com\/inocainternational.com\/wp-content\/uploads\/2022\/08\/research-image.jpg?resize=525%2C350&#038;ssl=1\" alt=\"\" class=\"wp-image-5277\" srcset=\"https:\/\/i0.wp.com\/inocainternational.com\/wp-content\/uploads\/2022\/08\/research-image-scaled.jpg?resize=1024%2C683&amp;ssl=1 1024w, https:\/\/i0.wp.com\/inocainternational.com\/wp-content\/uploads\/2022\/08\/research-image-scaled.jpg?resize=300%2C200&amp;ssl=1 300w, https:\/\/i0.wp.com\/inocainternational.com\/wp-content\/uploads\/2022\/08\/research-image-scaled.jpg?resize=768%2C512&amp;ssl=1 768w, https:\/\/i0.wp.com\/inocainternational.com\/wp-content\/uploads\/2022\/08\/research-image-scaled.jpg?resize=1536%2C1024&amp;ssl=1 1536w, https:\/\/i0.wp.com\/inocainternational.com\/wp-content\/uploads\/2022\/08\/research-image-scaled.jpg?resize=2048%2C1365&amp;ssl=1 2048w, https:\/\/i0.wp.com\/inocainternational.com\/wp-content\/uploads\/2022\/08\/research-image-scaled.jpg?resize=500%2C333&amp;ssl=1 500w\" sizes=\"(max-width: 767px) 89vw, (max-width: 1000px) 54vw, (max-width: 1071px) 543px, 580px\" \/><\/figure>\n\n\n\n<h2 class=\"wp-block-heading has-text-align-center\">Investigaci\u00f3n<\/h2>\n\n\n\n<div class=\"wp-block-columns redesign-feature-columns is-layout-flex wp-container-core-columns-is-layout-9d6595d7 wp-block-columns-is-layout-flex\">\n<div class=\"wp-block-column redesign-feature-column is-layout-flow wp-block-column-is-layout-flow\">\n<p class=\"has-text-align-center\" style=\"font-size:24px\"><em>&#8220;<\/em>Demasiadas mujeres siguen siendo\ndiagnosticadas con pruebas dise\u00f1adas para\nhombres y tratadas con medicamentos\nprobados en hombres\u201d<br><br><em><mark style=\"background-color:rgba(0, 0, 0, 0);color:#c0cfdc\" class=\"has-inline-color\">Profesor Noel Bairey-Merz<\/mark><\/em><\/p>\n<\/div>\n\n\n\n<div class=\"wp-block-column redesign-feature-column is-layout-flow wp-block-column-is-layout-flow\">\n<p class=\"has-text-align-center\">Aqu\u00ed encontrar\u00e1s enlaces e informaci\u00f3n\nsobre investigaciones recientes y actuales. Si\nconoces otras investigaciones que crees que\npodr\u00eda ser \u00fatil incluir aqu\u00ed, ponte en contacto\ncon nosotros a trav\u00e9s de la p\u00e1gina \"<a class=\"mobx\" href=\"#contactus-popup\" data-type=\"HTML\" data-width=\"1200\" data-height=\"1000\">Contacta Con Nosotros<\/a>.<\/p>\n<\/div>\n<\/div>\n<\/div>\n\n\n\n<div class=\"wp-block-buttons research-trials-buttons is-content-justification-center is-layout-flex wp-container-core-buttons-is-layout-16018d1d wp-block-buttons-is-layout-flex\">\n<div class=\"wp-block-button has-custom-font-size is-style-fill has-medium-font-size\"><a class=\"wp-block-button__link has-white-color has-text-color has-background wp-element-button\" href=\"https:\/\/clinicaltrials.gov\/ct2\/show\/NCT03193294?term=Cormica&amp;draw=2&amp;rank=1\" style=\"border-radius:5px;background-color:#872467\" target=\"_blank\" rel=\"noreferrer noopener\"><strong><span style=\"text-decoration: underline;\">THE CORMICA STUDY<\/span><\/strong><\/a><\/div>\n\n\n\n<div class=\"wp-block-button has-custom-font-size is-style-fill has-medium-font-size\"><a class=\"wp-block-button__link has-white-color has-text-color has-background wp-element-button\" href=\"https:\/\/clinicaltrials.gov\/ct2\/show\/NCT04674449\" style=\"border-radius:5px;background-color:#872467\" target=\"_blank\" rel=\"noreferrer noopener\"><strong><span style=\"text-decoration: underline;\">THE ICORMICA STUDY<\/span><\/strong><\/a><\/div>\n\n\n\n<div class=\"wp-block-button has-custom-font-size is-style-fill has-medium-font-size\"><a class=\"wp-block-button__link has-white-color has-text-color has-background wp-element-button\" href=\"https:\/\/clinicaltrials.gov\/ct2\/show\/NCT03508609\" style=\"border-radius:5px;background-color:#872467\" target=\"_blank\" rel=\"noreferrer noopener\"><strong><span style=\"text-decoration: underline;\"><strong><span style=\"text-decoration: underline;\">ESCaPE-CMD TRIAL (THE CALADRIUS TRIAL)<\/span><\/strong><\/span><\/strong><\/a><\/div>\n\n\n\n<div class=\"wp-block-button has-custom-font-size is-style-fill has-medium-font-size\"><a class=\"wp-block-button__link has-white-color has-text-color has-background wp-element-button\" href=\"https:\/\/clinicaltrials.gov\/ct2\/show\/NCT04614467\" style=\"border-radius:5px;background-color:#872467\" target=\"_blank\" rel=\"noreferrer noopener\"><strong><span style=\"text-decoration: underline;\">The FREEDOM Trial &#8211; Phase 2b<\/span><\/strong><\/a><\/div>\n\n\n\n<div class=\"wp-block-button has-custom-font-size is-style-fill has-medium-font-size\"><a class=\"wp-block-button__link has-white-color has-text-color has-background wp-element-button\" href=\"\/\/clinicaltrials.gov\/ct2\/show\/NCT03417388\" style=\"border-radius:5px;background-color:#872467\" target=\"_blank\" rel=\"noreferrer noopener\"><strong><span style=\"text-decoration: underline;\">The WARRIOR Trial<\/span><\/strong><\/a><\/div>\n\n\n\n<div class=\"wp-block-button has-custom-font-size is-style-fill has-medium-font-size\"><a class=\"wp-block-button__link has-white-color has-text-color has-background wp-element-button\" href=\"https:\/\/www.isrctn.com\/ISRCTN94728379\" style=\"border-radius:5px;background-color:#872467\" target=\"_blank\" rel=\"noreferrer noopener\"><strong><span style=\"text-decoration: underline;\"><strong>ST THOMAS&#8217; HOSPITAL, LONDON &#8211; CLINICAL STUDY &#8211; CMD<\/strong><\/span><\/strong><\/a><\/div>\n\n\n\n<div class=\"wp-block-button has-custom-font-size is-style-fill has-medium-font-size\"><a class=\"wp-block-button__link has-white-color has-text-color has-background wp-element-button\" href=\"https:\/\/clinicaltrials.gov\/ct2\/show\/NCT04097314\" style=\"border-radius:5px;background-color:#872467\" target=\"_blank\" rel=\"noreferrer noopener\"><strong><span style=\"text-decoration: underline;\"><strong><span style=\"text-decoration: underline;\"><strong>THE PRIZE STUDY<\/strong><\/span><\/strong><\/span><\/strong><\/a><\/div>\n\n\n\n<div class=\"wp-block-button has-custom-font-size is-style-fill has-medium-font-size\"><a class=\"wp-block-button__link has-white-color has-text-color has-background wp-element-button\" href=\"https:\/\/clinicaltrials.gov\/ct2\/show\/NCT05492110\" style=\"border-radius:5px;background-color:#872467\" target=\"_blank\" rel=\"noreferrer noopener\"><strong><span style=\"text-decoration: underline;\">REMEDY-PILOT<\/span><\/strong><\/a><\/div>\n<\/div>\n\n\n\n<p class=\"has-text-align-center\"><\/p>\n\n\n\n<p class=\"has-text-align-center\">Don&#8217;t forget to join us on our social media platforms to keep up to date with all the latest information and updates too!<br><br>Twitter:\u00a0<mark><mark style=\"background-color:rgba(0, 0, 0, 0);color:#7d1f5f\" class=\"has-inline-color\">@InocaInternati1<\/mark><\/mark><br>Facebook:\u00a0<a href=\"https:\/\/www.facebook.com\/groups\/491395198372627\">https:\/\/www.facebook.com\/groups\/491395198372627<\/a><br>Instagram:\u00a0<a href=\"https:\/\/www.instagram.com\/inoca_international\/\">https:\/\/www.instagram.com\/inoca_international\/<\/a><br>TikTok:\u00a0<a href=\"https:\/\/www.tiktok.com\/@inoca_international\">https:\/\/www.tiktok.com\/@inoca_international<\/a><\/p>\n\n\n\n<p><\/p>","protected":false},"excerpt":{"rendered":"<p>Research &#8220;Too many women are still being diagnosed with tests designed for men and treated with drugs tested on men&#8221; Professor Noel Bairey-Merz Here you will find links and information to recent and current research. If you are aware of other research that you think it might be helpful to have listed here, please get &hellip; <\/p>\n<p class=\"link-more\"><a href=\"https:\/\/inocainternational.com\/es\/research\/\" class=\"more-link\">Continue reading<span class=\"screen-reader-text\"> &#8220;Research&#8221;<\/span><\/a><\/p>","protected":false},"author":1,"featured_media":0,"parent":0,"menu_order":0,"comment_status":"closed","ping_status":"closed","template":"","meta":{"footnotes":""},"class_list":["post-5473","page","type-page","status-publish","hentry"],"jetpack_sharing_enabled":true,"_links":{"self":[{"href":"https:\/\/inocainternational.com\/es\/wp-json\/wp\/v2\/pages\/5473","targetHints":{"allow":["GET"]}}],"collection":[{"href":"https:\/\/inocainternational.com\/es\/wp-json\/wp\/v2\/pages"}],"about":[{"href":"https:\/\/inocainternational.com\/es\/wp-json\/wp\/v2\/types\/page"}],"author":[{"embeddable":true,"href":"https:\/\/inocainternational.com\/es\/wp-json\/wp\/v2\/users\/1"}],"replies":[{"embeddable":true,"href":"https:\/\/inocainternational.com\/es\/wp-json\/wp\/v2\/comments?post=5473"}],"version-history":[{"count":5,"href":"https:\/\/inocainternational.com\/es\/wp-json\/wp\/v2\/pages\/5473\/revisions"}],"predecessor-version":[{"id":10058,"href":"https:\/\/inocainternational.com\/es\/wp-json\/wp\/v2\/pages\/5473\/revisions\/10058"}],"wp:attachment":[{"href":"https:\/\/inocainternational.com\/es\/wp-json\/wp\/v2\/media?parent=5473"}],"curies":[{"name":"wp","href":"https:\/\/api.w.org\/{rel}","templated":true}]}}