{"id":5377,"date":"2022-08-12T01:30:15","date_gmt":"2022-08-12T00:30:15","guid":{"rendered":"https:\/\/inocainternational.com\/?page_id=5377"},"modified":"2026-02-17T10:50:50","modified_gmt":"2026-02-17T10:50:50","slug":"doctors-treating-inoca","status":"publish","type":"page","link":"https:\/\/inocainternational.com\/es\/doctors-treating-inoca\/","title":{"rendered":"M\u00e9dicos que tratan INOCA"},"content":{"rendered":"<div class=\"wp-block-group redesign-featured-group is-vertical is-layout-flex wp-container-core-group-is-layout-8cf370e7 wp-block-group-is-layout-flex\">\n<figure class=\"wp-block-image size-full featured-image-redesign\"><img data-recalc-dims=\"1\" decoding=\"async\" src=\"https:\/\/i0.wp.com\/inocainternational.com\/wp-content\/uploads\/2022\/08\/doctors-treating-INOCA.jpg?w=525&#038;ssl=1\" alt=\"\" class=\"wp-image-5378\"\/><\/figure>\n\n\n\n<h2 class=\"wp-block-heading has-text-align-center\">Doctors Treating INOCA<\/h2>\n\n\n\n<div class=\"wp-block-columns redesign-feature-columns is-layout-flex wp-container-core-columns-is-layout-9d6595d7 wp-block-columns-is-layout-flex\">\n<div class=\"wp-block-column redesign-feature-column is-layout-flow wp-block-column-is-layout-flow\">\n<p class=\"has-text-align-center\" style=\"font-size:24px\"><em>&#8220;<\/em>In terms of impacting on prognosis, one is in a much better position as a clinician, to give treatments at an early stage in the natural history, in other words, when the patient first presents with symptoms &amp; not 5 or 10 years later.&#8217;<em>&#8216;<\/em><br><br> <em><mark style=\"background-color:rgba(0, 0, 0, 0);color:#d7e4f0\" class=\"has-inline-color\">Profesor Colin Berry<\/mark><\/em><\/p>\n<\/div>\n\n\n\n<div class=\"wp-block-column redesign-feature-column is-layout-flow wp-block-column-is-layout-flow\">\n<p class=\"has-text-align-center\">Aqu\u00ed encontrar\u00e1s una lista de m\u00e9dicos que\ntratan las condiciones de INOCA. Esta lista se\nactualiza continuamente, as\u00ed que, vis\u00edtala\ncon frecuencia para comprobar si se han\na\u00f1adido m\u00e1s nombres. Si es usted un\nprofesional medico interesado\/a en tratar\npacientes con INOCA y desea que se incluya\nsu nombre, por favor, comun\u00edquese con\nnosotros v\u00eda la p\u00e1gina \u201c<a class=\"mobx\" href=\"#contactus-popup\" data-type=\"HTML\" data-width=\"1200\" data-height=\"1000\">Contacta Con Nosotros<\/a>\"<\/p>\n<\/div>\n<\/div>\n<\/div>\n\n\n\n<p class=\"has-text-align-center\">Don&#8217;t forget to join us on our social media platforms to keep up to date with all the latest information and updates too!<br>Twitter:&nbsp;<mark><mark style=\"background-color:rgba(0, 0, 0, 0);color:#7d1f5f\" class=\"has-inline-color\">@InocaInternati1<\/mark><\/mark><br>Facebook:&nbsp;<a href=\"https:\/\/www.facebook.com\/groups\/491395198372627\">https:\/\/www.facebook.com\/groups\/491395198372627<\/a><br>Insta:&nbsp;<a href=\"https:\/\/www.instagram.com\/inoca_international\/\">https:\/\/www.instagram.com\/inoca_international\/<\/a><br>TikTok:&nbsp;<a href=\"https:\/\/www.tiktok.com\/@inoca_international\">https:\/\/www.tiktok.com\/@inoca_international<\/a><\/p>\n\n\n\n<p><\/p>\n\n\n\n<div class=\"wp-block-columns is-layout-flex wp-container-core-columns-is-layout-9d6595d7 wp-block-columns-is-layout-flex\">\n<div class=\"wp-block-column is-layout-flow wp-block-column-is-layout-flow\">\n<p class=\"has-text-align-center doctors-treating-inoca-county-blocks\" style=\"font-size:18px\"><span style=\"text-decoration: underline;\"><strong><mark style=\"background-color:rgba(0, 0, 0, 0);color:#842456\" class=\"has-inline-color\">Argentina<\/mark><\/strong><\/span><br><mark style=\"background-color:rgba(0, 0, 0, 0)\" class=\"has-inline-color has-black-color\">Dr. Hernan Cohen Araz<\/mark><br><mark style=\"background-color:rgba(0, 0, 0, 0)\" class=\"has-inline-color has-black-color\">Dra. Roxana Campisi<\/mark><\/p>\n\n\n\n<p class=\"has-text-align-center doctors-treating-inoca-county-blocks\" style=\"font-size:18px\"><strong><span style=\"text-decoration: underline;\"><mark style=\"background-color:rgba(0, 0, 0, 0);color:#660a5e\" class=\"has-inline-color\">Australia<\/mark><\/span><\/strong><br><mark style=\"background-color:rgba(0, 0, 0, 0)\" class=\"has-inline-color has-black-color\">Profesor John Beltrame<br>(Adelaida)<br><br>Dr. Tom Ford <br>(Nueva Gales del Sur)<br><br>Dr. Jon Spiro<br>(Australia Occidental)<\/mark><\/p>\n\n\n\n<h1 class=\"wp-block-heading has-text-align-center doctors-treating-inoca-county-blocks\" style=\"font-size:18px\"><strong><mark style=\"background-color:rgba(0, 0, 0, 0);color:#872467\" class=\"has-inline-color\"><span style=\"text-decoration: underline;\">Brasil<\/span><\/mark><\/strong><br><mark style=\"background-color:rgba(0, 0, 0, 0)\" class=\"has-inline-color has-black-color\">Dr Carlos Freitas<\/mark><\/h1>\n\n\n\n<h1 class=\"wp-block-heading has-text-align-center doctors-treating-inoca-county-blocks\" style=\"font-size:18px\"><strong><mark style=\"background-color:rgba(0, 0, 0, 0);color:#8f226c\" class=\"has-inline-color\"><span style=\"text-decoration: underline;\">Canad\u00e1<\/span><\/mark><\/strong><br><mark style=\"background-color:rgba(0, 0, 0, 0)\" class=\"has-inline-color has-black-color\">Dr. Steven Miner<\/mark><\/h1>\n\n\n\n<h1 class=\"wp-block-heading has-text-align-center doctors-treating-inoca-county-blocks\" style=\"font-size:18px\"><mark style=\"background-color:rgba(0, 0, 0, 0);color:#842567\" class=\"has-inline-color\"><strong><span style=\"text-decoration: underline;\">Indonesia<\/span><\/strong><\/mark><br><mark style=\"background-color:rgba(0, 0, 0, 0)\" class=\"has-inline-color has-black-color\">Dr. Indah Sukmawati<\/mark><\/h1>\n\n\n\n<p class=\"has-text-align-center doctors-treating-inoca-county-blocks\" style=\"font-size:18px\"><strong><span style=\"text-decoration: underline;\"><mark style=\"background-color:rgba(0, 0, 0, 0);color:#872467\" class=\"has-inline-color\">Alemania<\/mark><\/span><\/strong><br><mark style=\"background-color:rgba(0, 0, 0, 0)\" class=\"has-inline-color has-black-color\">Dr Peter Ong<\/mark><br><\/p>\n<\/div>\n\n\n\n<div class=\"wp-block-column is-layout-flow wp-block-column-is-layout-flow\">\n<p class=\"has-text-align-center doctors-treating-inoca-county-blocks\" style=\"font-size:18px\"><mark style=\"background-color:rgba(0, 0, 0, 0);color:#842567\" class=\"has-inline-color\"><strong><span style=\"text-decoration: underline;\">Israel<\/span><\/strong><\/mark><br><mark style=\"background-color:rgba(0, 0, 0, 0)\" class=\"has-inline-color has-black-color\">Profesor Shmuel Banai<br>Dr. Maayan Konigstein<\/mark><\/p>\n\n\n\n<h1 class=\"wp-block-heading has-text-align-center doctors-treating-inoca-county-blocks has-black-color has-text-color\" style=\"font-size:18px\"><strong><mark style=\"background-color:rgba(0, 0, 0, 0);color:#872467\" class=\"has-inline-color\"><span style=\"text-decoration: underline;\">Italia<\/span><\/mark><\/strong><br><mark style=\"background-color:rgba(0, 0, 0, 0)\" class=\"has-inline-color has-black-color\">Profesor Paolo G Camici<br>Profesor Filippo Crea<\/mark><br>Dr Alaide Chieffo<br>Profesor Mario Marzilli<\/h1>\n\n\n\n<h1 class=\"wp-block-heading has-text-align-center doctors-treating-inoca-county-blocks has-black-color has-text-color\" style=\"font-size:18px\"><strong><mark style=\"background-color:rgba(0, 0, 0, 0);color:#872467\" class=\"has-inline-color\"><span style=\"text-decoration: underline;\">JAPAN<\/span><\/mark><\/strong><br><mark style=\"background-color:rgba(0, 0, 0, 0)\" class=\"has-inline-color has-black-color\">Professor <\/mark><br>Hiroaki Shimokawa<br><\/h1>\n\n\n\n<p class=\"has-text-align-center doctors-treating-inoca-county-blocks\" style=\"font-size:18px\"><strong><mark style=\"background-color:rgba(0, 0, 0, 0);color:#872467\" class=\"has-inline-color\"><span style=\"text-decoration: underline;\">M\u00e9xico<\/span><\/mark><\/strong><br><mark style=\"background-color:rgba(0, 0, 0, 0)\" class=\"has-inline-color has-black-color\">Dr Gian Manuel Jimenez<\/mark><\/p>\n\n\n\n<h1 class=\"wp-block-heading has-text-align-center doctors-treating-inoca-county-blocks has-black-color has-text-color\" style=\"font-size:18px\"><strong><mark style=\"background-color:rgba(0, 0, 0, 0);color:#872467\" class=\"has-inline-color\"><span style=\"text-decoration: underline;\">Espa\u00f1a<\/span><\/mark><\/strong><br><mark style=\"background-color:rgba(0, 0, 0, 0)\" class=\"has-inline-color has-black-color\">Profesor Javier Escaned<\/mark><br>Dr. Enrique Guti\u00e9rrez<\/h1>\n\n\n\n<p class=\"has-text-align-center doctors-treating-inoca-county-blocks\" style=\"font-size:18px\"><strong><mark style=\"background-color:rgba(0, 0, 0, 0);color:#872467\" class=\"has-inline-color\"><span style=\"text-decoration: underline;\">Reino Unido, Londres<\/span><\/mark><\/strong><br><mark style=\"background-color:rgba(0, 0, 0, 0)\" class=\"has-inline-color has-black-color\">Profesor Peter Collins<\/mark><br>Dr Chiara <br>Bucciarelli-Ducci<mark style=\"background-color:rgba(0, 0, 0, 0)\" class=\"has-inline-color has-black-color\"><br>Profesor Juan-Carlos Kaski<br>Profesor Thomas L\u00fcscher<br>Profesor Divaka Perera<br>Dr. Haseeb Rahman<br>Doctor Rajan Sharma<br>Doctor Ranil de Silva<\/mark><br><\/p>\n<\/div>\n\n\n\n<div class=\"wp-block-column is-layout-flow wp-block-column-is-layout-flow\">\n<p class=\"has-text-align-center doctors-treating-inoca-county-blocks\" style=\"font-size:18px\"><strong><span style=\"text-decoration: underline;\"><mark style=\"background-color:rgba(0, 0, 0, 0);color:#872467\" class=\"has-inline-color\">Reino Unido, Regi\u00f3n Central de Inglaterra<\/mark><\/span><\/strong><br><mark style=\"background-color:rgba(0, 0, 0, 0)\" class=\"has-inline-color has-black-color\">Profesor Derek Connolly<\/mark><\/p>\n\n\n\n<p class=\"has-text-align-center doctors-treating-inoca-county-blocks\" style=\"font-size:18px\"><strong><mark style=\"background-color:rgba(0, 0, 0, 0);color:#872467\" class=\"has-inline-color\"><span style=\"text-decoration: underline;\">Reino Unido, Regi\u00f3n del Sudoeste de\nInglaterra<\/span><\/mark><\/strong><br><mark style=\"background-color:rgba(0, 0, 0, 0)\" class=\"has-inline-color has-black-color\">Consultora de Enfermer\u00eda Ashley Davidson<br>(<em>(Especializada en Rehabilitaci\u00f3n Card\u00edaca)<\/em><br>Dr Amardeep Dastidar <br>Dr Tom Hyde<\/mark><br><\/p>\n\n\n\n<p class=\"has-text-align-center doctors-treating-inoca-county-blocks\" style=\"font-size:18px\"><strong><mark style=\"background-color:rgba(0, 0, 0, 0);color:#872467\" class=\"has-inline-color\"><span style=\"text-decoration: underline;\">Reino Unido, Gales<\/span><\/mark><\/strong><br><mark style=\"background-color:rgba(0, 0, 0, 0)\" class=\"has-inline-color has-black-color\">Professor Julian Halcox<\/mark><br><mark style=\"background-color:rgba(0, 0, 0, 0)\" class=\"has-inline-color has-black-color\">Dr Rito Mitra<\/mark><\/p>\n\n\n\n<p class=\"has-text-align-center doctors-treating-inoca-county-blocks\" style=\"font-size:18px\"><mark style=\"background-color:rgba(0, 0, 0, 0);color:#872467\" class=\"has-inline-color\"><strong><span style=\"text-decoration: underline;\">Reino Unido, Glasgow<\/span><\/strong><\/mark><strong><span style=\"text-decoration: underline;\"><br><\/span><\/strong><mark style=\"background-color:rgba(0, 0, 0, 0)\" class=\"has-inline-color has-black-color\">Profesor Colin Berry <\/mark><\/p>\n\n\n\n<h1 class=\"wp-block-heading has-text-align-center doctors-treating-inoca-county-blocks has-medium-font-size\"><strong><mark style=\"background-color:rgba(0, 0, 0, 0);color:#872467\" class=\"has-inline-color\"><span style=\"text-decoration: underline;\">Estados Unidos de Am\u00e9rica<\/span><\/mark><\/strong><br><mark style=\"background-color:rgba(0, 0, 0, 0)\" class=\"has-inline-color has-black-color\">Profesor C. Noel Bairey Merz<\/mark><br><mark style=\"background-color:rgba(0, 0, 0, 0)\" class=\"has-inline-color has-black-color\">(Los \u00c1ngeles)<\/mark><br><mark style=\"background-color:rgba(0, 0, 0, 0)\" class=\"has-inline-color has-black-color\">Profesora Martha Gulati<br>(Los \u00c1ngeles)<\/mark><strong><mark style=\"background-color:rgba(0, 0, 0, 0)\" class=\"has-inline-color has-black-color\"><br><\/mark><\/strong><mark style=\"background-color:rgba(0, 0, 0, 0)\" class=\"has-inline-color has-black-color\">Dr. Odayme Quesada<br>(Ohio)<\/mark><\/h1>\n<\/div>\n<\/div>\n\n\n\n<p class=\"has-text-align-center\">INOCA International are delighted to also include a view of the newly created clinic locator map for the U.S. <br>This has been created by, and is included here with the approval of, The Microvascular Network. <br><a href=\"https:\/\/www.google.com\/maps\/d\/u\/0\/viewer?mid=1549rgo2zbKX4tPtTD03fuhm65h9X1zw&amp;femb=1&amp;ll=37.61483221865782%2C-96.92128159999996&amp;z=5\"><mark style=\"background-color:rgba(0, 0, 0, 0);color:#2f64ce\" class=\"has-inline-color\">The U.S. Microvascular Network<\/mark><\/a><\/p>\n\n\n<div class=\"wp-block-image\">\n<figure class=\"aligncenter size-large\"><img data-recalc-dims=\"1\" fetchpriority=\"high\" decoding=\"async\" width=\"525\" height=\"351\" src=\"https:\/\/i0.wp.com\/inocainternational.com\/wp-content\/uploads\/2023\/01\/Screenshot-2023-01-26-at-08.59.40-1.png?resize=525%2C351&#038;ssl=1\" alt=\"\" class=\"wp-image-8369\" srcset=\"https:\/\/i0.wp.com\/inocainternational.com\/wp-content\/uploads\/2023\/01\/Screenshot-2023-01-26-at-08.59.40-1.png?resize=1024%2C684&amp;ssl=1 1024w, https:\/\/i0.wp.com\/inocainternational.com\/wp-content\/uploads\/2023\/01\/Screenshot-2023-01-26-at-08.59.40-1.png?resize=300%2C200&amp;ssl=1 300w, https:\/\/i0.wp.com\/inocainternational.com\/wp-content\/uploads\/2023\/01\/Screenshot-2023-01-26-at-08.59.40-1.png?resize=768%2C513&amp;ssl=1 768w, https:\/\/i0.wp.com\/inocainternational.com\/wp-content\/uploads\/2023\/01\/Screenshot-2023-01-26-at-08.59.40-1.png?resize=1536%2C1026&amp;ssl=1 1536w, https:\/\/i0.wp.com\/inocainternational.com\/wp-content\/uploads\/2023\/01\/Screenshot-2023-01-26-at-08.59.40-1.png?resize=2048%2C1368&amp;ssl=1 2048w, https:\/\/i0.wp.com\/inocainternational.com\/wp-content\/uploads\/2023\/01\/Screenshot-2023-01-26-at-08.59.40-1.png?resize=500%2C334&amp;ssl=1 500w\" sizes=\"(max-width: 767px) 89vw, (max-width: 1000px) 54vw, (max-width: 1071px) 543px, 580px\" \/><\/figure>\n<\/div>\n\n\n<div class=\"wp-block-buttons is-layout-flex wp-block-buttons-is-layout-flex\"><\/div>","protected":false},"excerpt":{"rendered":"<p>Doctors Treating INOCA &#8220;In terms of impacting on prognosis, one is in a much better position as a clinician, to give treatments at an early stage in the natural history, in other words, when the patient first presents with symptoms &amp; not 5 or 10 years later.&#8217;&#8216; Professor Colin Berry Here you will find a &hellip; <\/p>\n<p class=\"link-more\"><a href=\"https:\/\/inocainternational.com\/es\/doctors-treating-inoca\/\" class=\"more-link\">Continue reading<span class=\"screen-reader-text\"> &#8220;Doctors treating INOCA&#8221;<\/span><\/a><\/p>","protected":false},"author":1,"featured_media":0,"parent":0,"menu_order":0,"comment_status":"closed","ping_status":"closed","template":"","meta":{"footnotes":""},"class_list":["post-5377","page","type-page","status-publish","hentry"],"jetpack_sharing_enabled":true,"_links":{"self":[{"href":"https:\/\/inocainternational.com\/es\/wp-json\/wp\/v2\/pages\/5377","targetHints":{"allow":["GET"]}}],"collection":[{"href":"https:\/\/inocainternational.com\/es\/wp-json\/wp\/v2\/pages"}],"about":[{"href":"https:\/\/inocainternational.com\/es\/wp-json\/wp\/v2\/types\/page"}],"author":[{"embeddable":true,"href":"https:\/\/inocainternational.com\/es\/wp-json\/wp\/v2\/users\/1"}],"replies":[{"embeddable":true,"href":"https:\/\/inocainternational.com\/es\/wp-json\/wp\/v2\/comments?post=5377"}],"version-history":[{"count":5,"href":"https:\/\/inocainternational.com\/es\/wp-json\/wp\/v2\/pages\/5377\/revisions"}],"predecessor-version":[{"id":11094,"href":"https:\/\/inocainternational.com\/es\/wp-json\/wp\/v2\/pages\/5377\/revisions\/11094"}],"wp:attachment":[{"href":"https:\/\/inocainternational.com\/es\/wp-json\/wp\/v2\/media?parent=5377"}],"curies":[{"name":"wp","href":"https:\/\/api.w.org\/{rel}","templated":true}]}}