{"id":4809,"date":"2022-06-26T23:15:48","date_gmt":"2022-06-26T22:15:48","guid":{"rendered":"https:\/\/inocainternational.com\/?page_id=4809"},"modified":"2026-02-17T10:51:29","modified_gmt":"2026-02-17T10:51:29","slug":"videos","status":"publish","type":"page","link":"https:\/\/inocainternational.com\/es\/videos\/","title":{"rendered":"V\u00eddeos y Entrevistas"},"content":{"rendered":"<div class=\"wp-block-group redesign-featured-group is-vertical is-layout-flex wp-container-core-group-is-layout-8cf370e7 wp-block-group-is-layout-flex\">\n<figure class=\"wp-block-image size-large featured-image-redesign\"><img data-recalc-dims=\"1\" fetchpriority=\"high\" decoding=\"async\" width=\"525\" height=\"295\" src=\"https:\/\/i0.wp.com\/inocainternational.com\/wp-content\/uploads\/2022\/08\/videos-image.jpg?resize=525%2C295&#038;ssl=1\" alt=\"\" class=\"wp-image-5285\" srcset=\"https:\/\/i0.wp.com\/inocainternational.com\/wp-content\/uploads\/2022\/08\/videos-image-scaled.jpg?resize=1024%2C576&amp;ssl=1 1024w, https:\/\/i0.wp.com\/inocainternational.com\/wp-content\/uploads\/2022\/08\/videos-image-scaled.jpg?resize=300%2C169&amp;ssl=1 300w, https:\/\/i0.wp.com\/inocainternational.com\/wp-content\/uploads\/2022\/08\/videos-image-scaled.jpg?resize=768%2C432&amp;ssl=1 768w, https:\/\/i0.wp.com\/inocainternational.com\/wp-content\/uploads\/2022\/08\/videos-image-scaled.jpg?resize=1536%2C864&amp;ssl=1 1536w, https:\/\/i0.wp.com\/inocainternational.com\/wp-content\/uploads\/2022\/08\/videos-image-scaled.jpg?resize=2048%2C1152&amp;ssl=1 2048w, https:\/\/i0.wp.com\/inocainternational.com\/wp-content\/uploads\/2022\/08\/videos-image-scaled.jpg?resize=500%2C281&amp;ssl=1 500w\" sizes=\"(max-width: 767px) 89vw, (max-width: 1000px) 54vw, (max-width: 1071px) 543px, 580px\" \/><\/figure>\n\n\n\n<h2 class=\"wp-block-heading has-text-align-center\">V\u00eddeos y Entrevistas<\/h2>\n\n\n\n<div class=\"wp-block-columns redesign-feature-columns is-layout-flex wp-container-core-columns-is-layout-9d6595d7 wp-block-columns-is-layout-flex\">\n<div class=\"wp-block-column redesign-feature-column is-layout-flow wp-block-column-is-layout-flow\">\n<p class=\"has-text-align-center\" style=\"font-size:24px\"><br><em>&#8220;<\/em>This is the example of the Physician\/Patient partnership that I really think is going to make a difference for a lot of people &#8211; It&#8217;s a movement!&#8221;<br><br><mark style=\"background-color:rgba(0, 0, 0, 0);color:#d7dee5\" class=\"has-inline-color\"><em>Profesor C. Noel Bairey Merz<\/em><\/mark><\/p>\n<\/div>\n\n\n\n<div class=\"wp-block-column redesign-feature-column is-layout-flow wp-block-column-is-layout-flow\">\n<p class=\"has-text-align-center\">Nuestros v\u00eddeos han sido grabados con nuestros estimados miembros del Consejo M\u00e9dico Asesor y con profesionales m\u00e9dicos con conocimiento de INOCA. Por respeto a nuestros expertos, nuestros v\u00eddeos no deben compartirse en ning\u00fan lugar fuera de este sitio web de INOCA, sin el \nconsentimiento previo por escrito de INOCA International. Por favor, solicita permiso antes, a trav\u00e9s de nuestra p\u00e1gina <a class=\"mobx\" data-width=\"1200\" data-height=\"1000\" href=\"#contactus-popup\" data-type=\"HTML\">Contacta Con Nosotros<\/a>.<\/p>\n<\/div>\n<\/div>\n\n\n\n<p><\/p>\n<\/div>\n\n\n\n<div class=\"wp-block-columns is-layout-flex wp-container-core-columns-is-layout-9d6595d7 wp-block-columns-is-layout-flex\">\n<div class=\"wp-block-column is-layout-flow wp-block-column-is-layout-flow\" style=\"flex-basis:10%\"><\/div>\n\n\n\n<div class=\"wp-block-column is-vertically-aligned-center is-layout-flow wp-block-column-is-layout-flow\" style=\"flex-basis:80%\">\n<p class=\"has-text-align-center redesign-videos-page-message-bottom has-background\" style=\"background-color:#5b9bd5;font-size:25px\"><em><strong><mark style=\"background-color:rgba(0, 0, 0, 0);color:#ffffff\" class=\"has-inline-color\"><strong><strong><span style=\"text-decoration: underline;\">TEN EN CUENTA<\/span><\/strong><\/strong><\/mark><\/strong><\/em><br><mark style=\"background-color:rgba(0, 0, 0, 0);color:#ffffff\" class=\"has-inline-color\"><strong><em>Cualquier afirmaci\u00f3n o declaraci\u00f3n,\nrealizada en cualquiera de los v\u00eddeos en el\nsitio web de INOCA International, son los\npuntos de vista y opiniones del\npresentador\/a y no son necesariamente los\nde INOCA International. <\/em><\/strong><\/mark><\/p>\n<\/div>\n\n\n\n<div class=\"wp-block-column is-layout-flow wp-block-column-is-layout-flow\" style=\"flex-basis:10%\"><\/div>\n<\/div>\n\n\n\n<p class=\"has-text-align-center\">You can also join us on our social media platforms to keep up to date with all the latest information and updates too!<br>Twitter:&nbsp;<mark><mark style=\"background-color:rgba(0, 0, 0, 0);color:#711d5f\" class=\"has-inline-color\">@InocaInternati1<\/mark><\/mark><br>Facebook:&nbsp;<a href=\"https:\/\/www.facebook.com\/groups\/491395198372627\">https:\/\/www.facebook.com\/groups\/491395198372627<\/a><br>Insta:&nbsp;<a href=\"https:\/\/www.instagram.com\/inoca_international\/\">https:\/\/www.instagram.com\/inoca_international\/<\/a><br>TikTok:&nbsp;<a href=\"https:\/\/www.tiktok.com\/@inoca_international\">https:\/\/www.tiktok.com\/@inoca_international<\/a><\/p>\n\n\n\n<div class=\"wp-block-columns redesign-front-page-covers is-layout-flex wp-container-core-columns-is-layout-9d6595d7 wp-block-columns-is-layout-flex\">\n<div class=\"wp-block-column is-layout-flow wp-block-column-is-layout-flow\">\n<div class=\"wp-block-cover has-custom-content-position is-position-bottom-center\" style=\"min-height:50vh;aspect-ratio:unset;\"><img data-recalc-dims=\"1\" decoding=\"async\" width=\"525\" height=\"448\" class=\"wp-block-cover__image-background wp-image-6133\" alt=\"\" src=\"https:\/\/i0.wp.com\/inocainternational.com\/wp-content\/uploads\/2022\/08\/MG_8293-3-scaled.jpeg?resize=525%2C448&#038;ssl=1\" style=\"object-position:46% 60%\" data-object-fit=\"cover\" data-object-position=\"46% 60%\" srcset=\"https:\/\/i0.wp.com\/inocainternational.com\/wp-content\/uploads\/2022\/08\/MG_8293-3-scaled.jpeg?w=2560&amp;ssl=1 2560w, https:\/\/i0.wp.com\/inocainternational.com\/wp-content\/uploads\/2022\/08\/MG_8293-3-scaled.jpeg?resize=300%2C256&amp;ssl=1 300w, https:\/\/i0.wp.com\/inocainternational.com\/wp-content\/uploads\/2022\/08\/MG_8293-3-scaled.jpeg?resize=1024%2C874&amp;ssl=1 1024w, https:\/\/i0.wp.com\/inocainternational.com\/wp-content\/uploads\/2022\/08\/MG_8293-3-scaled.jpeg?resize=768%2C656&amp;ssl=1 768w, https:\/\/i0.wp.com\/inocainternational.com\/wp-content\/uploads\/2022\/08\/MG_8293-3-scaled.jpeg?resize=1536%2C1311&amp;ssl=1 1536w, https:\/\/i0.wp.com\/inocainternational.com\/wp-content\/uploads\/2022\/08\/MG_8293-3-scaled.jpeg?resize=2048%2C1748&amp;ssl=1 2048w, https:\/\/i0.wp.com\/inocainternational.com\/wp-content\/uploads\/2022\/08\/MG_8293-3-scaled.jpeg?resize=500%2C427&amp;ssl=1 500w\" sizes=\"(max-width: 767px) 89vw, (max-width: 1000px) 54vw, (max-width: 1071px) 543px, 580px\" \/><span aria-hidden=\"true\" class=\"wp-block-cover__background has-background-dim-0 has-background-dim\"><\/span><div class=\"wp-block-cover__inner-container is-layout-flow wp-block-cover-is-layout-flow\">\n<p class=\"has-text-align-center has-white-background-color has-text-color has-background has-large-font-size\" style=\"color:#872467\"><a href=\"https:\/\/inocainternational.com\/es\/video-presentations-from-the-meeting-of-minds\/\">Videos de MOM2019<\/a><\/p>\n<\/div><\/div>\n\n\n\n<p class=\"has-text-align-justify\"><mark style=\"background-color:rgba(0, 0, 0, 0);color:#180c64\" class=\"has-inline-color\"> <\/mark><\/p>\n<\/div>\n\n\n\n<div class=\"wp-block-column is-layout-flow wp-block-column-is-layout-flow\">\n<div class=\"wp-block-cover is-light has-custom-content-position is-position-bottom-center\" style=\"min-height:50vh;aspect-ratio:unset;\"><img data-recalc-dims=\"1\" decoding=\"async\" width=\"525\" height=\"558\" class=\"wp-block-cover__image-background wp-image-9290\" alt=\"\" src=\"https:\/\/i0.wp.com\/inocainternational.com\/wp-content\/uploads\/2024\/01\/Kaski-and-George-copy-1.jpeg?resize=525%2C558&#038;ssl=1\" style=\"object-position:34% 44%\" data-object-fit=\"cover\" data-object-position=\"34% 44%\" srcset=\"https:\/\/i0.wp.com\/inocainternational.com\/wp-content\/uploads\/2024\/01\/Kaski-and-George-copy-1.jpeg?w=1344&amp;ssl=1 1344w, https:\/\/i0.wp.com\/inocainternational.com\/wp-content\/uploads\/2024\/01\/Kaski-and-George-copy-1.jpeg?resize=282%2C300&amp;ssl=1 282w, https:\/\/i0.wp.com\/inocainternational.com\/wp-content\/uploads\/2024\/01\/Kaski-and-George-copy-1.jpeg?resize=964%2C1024&amp;ssl=1 964w, https:\/\/i0.wp.com\/inocainternational.com\/wp-content\/uploads\/2024\/01\/Kaski-and-George-copy-1.jpeg?resize=768%2C816&amp;ssl=1 768w, https:\/\/i0.wp.com\/inocainternational.com\/wp-content\/uploads\/2024\/01\/Kaski-and-George-copy-1.jpeg?resize=11%2C12&amp;ssl=1 11w, https:\/\/i0.wp.com\/inocainternational.com\/wp-content\/uploads\/2024\/01\/Kaski-and-George-copy-1.jpeg?resize=500%2C531&amp;ssl=1 500w, https:\/\/i0.wp.com\/inocainternational.com\/wp-content\/uploads\/2024\/01\/Kaski-and-George-copy-1.jpeg?w=1050&amp;ssl=1 1050w\" sizes=\"(max-width: 767px) 89vw, (max-width: 1000px) 54vw, (max-width: 1071px) 543px, 580px\" \/><span aria-hidden=\"true\" class=\"wp-block-cover__background has-background-dim-0 has-background-dim\"><\/span><div class=\"wp-block-cover__inner-container is-layout-flow wp-block-cover-is-layout-flow\">\n<p class=\"has-text-align-center has-white-background-color has-text-color has-background has-large-font-size\" style=\"color:#872467\"><a href=\"https:\/\/inocainternational.com\/es\/video-presentations-from-the-meeting-of-minds-2023\/\">V\u00eddeos de MOM2023  <\/a><\/p>\n<\/div><\/div>\n\n\n\n<p class=\"has-text-align-justify\"><mark style=\"background-color:rgba(0, 0, 0, 0);color:#180c64\" class=\"has-inline-color\"> <\/mark><\/p>\n<\/div>\n\n\n\n<div class=\"wp-block-column is-vertically-aligned-top is-layout-flow wp-block-column-is-layout-flow\">\n<div class=\"wp-block-cover is-light has-custom-content-position is-position-bottom-center\" style=\"min-height:50vh;aspect-ratio:unset;\"><img data-recalc-dims=\"1\" loading=\"lazy\" decoding=\"async\" width=\"525\" height=\"190\" class=\"wp-block-cover__image-background wp-image-7539\" alt=\"\" src=\"https:\/\/i0.wp.com\/inocainternational.com\/wp-content\/uploads\/2022\/09\/Untitled-design-9-1.png?resize=525%2C190&#038;ssl=1\" style=\"object-position:52% 35%\" data-object-fit=\"cover\" data-object-position=\"52% 35%\" srcset=\"https:\/\/i0.wp.com\/inocainternational.com\/wp-content\/uploads\/2022\/09\/Untitled-design-9-1.png?w=2234&amp;ssl=1 2234w, https:\/\/i0.wp.com\/inocainternational.com\/wp-content\/uploads\/2022\/09\/Untitled-design-9-1.png?resize=300%2C109&amp;ssl=1 300w, https:\/\/i0.wp.com\/inocainternational.com\/wp-content\/uploads\/2022\/09\/Untitled-design-9-1.png?resize=1024%2C371&amp;ssl=1 1024w, https:\/\/i0.wp.com\/inocainternational.com\/wp-content\/uploads\/2022\/09\/Untitled-design-9-1.png?resize=768%2C278&amp;ssl=1 768w, https:\/\/i0.wp.com\/inocainternational.com\/wp-content\/uploads\/2022\/09\/Untitled-design-9-1.png?resize=1536%2C556&amp;ssl=1 1536w, https:\/\/i0.wp.com\/inocainternational.com\/wp-content\/uploads\/2022\/09\/Untitled-design-9-1.png?resize=2048%2C742&amp;ssl=1 2048w, https:\/\/i0.wp.com\/inocainternational.com\/wp-content\/uploads\/2022\/09\/Untitled-design-9-1.png?resize=500%2C181&amp;ssl=1 500w\" sizes=\"(max-width: 767px) 89vw, (max-width: 1000px) 54vw, (max-width: 1071px) 543px, 580px\" \/><span aria-hidden=\"true\" class=\"wp-block-cover__background has-background-dim-0 has-background-dim\"><\/span><div class=\"wp-block-cover__inner-container is-layout-flow wp-block-cover-is-layout-flow\">\n<p class=\"has-text-align-center has-white-background-color has-text-color has-background has-large-font-size\" style=\"color:#872467\"><a href=\"https:\/\/inocainternational.com\/es\/interviews-with-experts\/\">Entrevistas con Nuestros Expertos<\/a><\/p>\n<\/div><\/div>\n<\/div>\n\n\n\n<div class=\"wp-block-column is-layout-flow wp-block-column-is-layout-flow\">\n<div class=\"wp-block-cover is-light has-custom-content-position is-position-bottom-center\" style=\"min-height:50vh;aspect-ratio:unset;\"><img data-recalc-dims=\"1\" loading=\"lazy\" decoding=\"async\" width=\"525\" height=\"196\" class=\"wp-block-cover__image-background wp-image-7357\" alt=\"\" src=\"https:\/\/i0.wp.com\/inocainternational.com\/wp-content\/uploads\/2022\/09\/Untitled-design-1.png?resize=525%2C196&#038;ssl=1\" style=\"object-position:13% 55%\" data-object-fit=\"cover\" data-object-position=\"13% 55%\" srcset=\"https:\/\/i0.wp.com\/inocainternational.com\/wp-content\/uploads\/2022\/09\/Untitled-design-1.png?w=2184&amp;ssl=1 2184w, https:\/\/i0.wp.com\/inocainternational.com\/wp-content\/uploads\/2022\/09\/Untitled-design-1.png?resize=300%2C112&amp;ssl=1 300w, https:\/\/i0.wp.com\/inocainternational.com\/wp-content\/uploads\/2022\/09\/Untitled-design-1.png?resize=1024%2C383&amp;ssl=1 1024w, https:\/\/i0.wp.com\/inocainternational.com\/wp-content\/uploads\/2022\/09\/Untitled-design-1.png?resize=768%2C287&amp;ssl=1 768w, https:\/\/i0.wp.com\/inocainternational.com\/wp-content\/uploads\/2022\/09\/Untitled-design-1.png?resize=1536%2C574&amp;ssl=1 1536w, https:\/\/i0.wp.com\/inocainternational.com\/wp-content\/uploads\/2022\/09\/Untitled-design-1.png?resize=2048%2C765&amp;ssl=1 2048w, https:\/\/i0.wp.com\/inocainternational.com\/wp-content\/uploads\/2022\/09\/Untitled-design-1.png?resize=500%2C187&amp;ssl=1 500w\" sizes=\"(max-width: 767px) 89vw, (max-width: 1000px) 54vw, (max-width: 1071px) 543px, 580px\" \/><span aria-hidden=\"true\" class=\"wp-block-cover__background has-background-dim-0 has-background-dim\"><\/span><div class=\"wp-block-cover__inner-container is-layout-flow wp-block-cover-is-layout-flow\">\n<p class=\"has-text-align-center has-white-background-color has-text-color has-background has-large-font-size\" style=\"color:#872467\"><a href=\"https:\/\/inocainternational.com\/es\/patient-stories\/\">Experiencias de Pacientes<\/a> <\/p>\n<\/div><\/div>\n\n\n\n<p class=\"has-text-align-justify\"><mark style=\"background-color:rgba(0, 0, 0, 0);color:#180c64\" class=\"has-inline-color\"> <\/mark><\/p>\n<\/div>\n<\/div>","protected":false},"excerpt":{"rendered":"<p>Videos and Interviews &#8220;This is the example of the Physician\/Patient partnership that I really think is going to make a difference for a lot of people &#8211; It&#8217;s a movement!&#8221; Professor C. Noel Bairey Merz Our videos have been recorded with our esteemed Medical Advisory Board Members and with medical professionals who are knowledgeable in &hellip; <\/p>\n<p class=\"link-more\"><a href=\"https:\/\/inocainternational.com\/es\/videos\/\" class=\"more-link\">Continue reading<span class=\"screen-reader-text\"> &#8220;Videos and Interviews&#8221;<\/span><\/a><\/p>","protected":false},"author":1,"featured_media":0,"parent":0,"menu_order":0,"comment_status":"closed","ping_status":"closed","template":"","meta":{"footnotes":""},"class_list":["post-4809","page","type-page","status-publish","hentry"],"jetpack_sharing_enabled":true,"_links":{"self":[{"href":"https:\/\/inocainternational.com\/es\/wp-json\/wp\/v2\/pages\/4809","targetHints":{"allow":["GET"]}}],"collection":[{"href":"https:\/\/inocainternational.com\/es\/wp-json\/wp\/v2\/pages"}],"about":[{"href":"https:\/\/inocainternational.com\/es\/wp-json\/wp\/v2\/types\/page"}],"author":[{"embeddable":true,"href":"https:\/\/inocainternational.com\/es\/wp-json\/wp\/v2\/users\/1"}],"replies":[{"embeddable":true,"href":"https:\/\/inocainternational.com\/es\/wp-json\/wp\/v2\/comments?post=4809"}],"version-history":[{"count":5,"href":"https:\/\/inocainternational.com\/es\/wp-json\/wp\/v2\/pages\/4809\/revisions"}],"predecessor-version":[{"id":11095,"href":"https:\/\/inocainternational.com\/es\/wp-json\/wp\/v2\/pages\/4809\/revisions\/11095"}],"wp:attachment":[{"href":"https:\/\/inocainternational.com\/es\/wp-json\/wp\/v2\/media?parent=4809"}],"curies":[{"name":"wp","href":"https:\/\/api.w.org\/{rel}","templated":true}]}}