{"id":4494,"date":"2022-06-12T11:28:08","date_gmt":"2022-06-12T10:28:08","guid":{"rendered":"https:\/\/inocainternational.com\/?page_id=4494"},"modified":"2024-10-21T10:21:31","modified_gmt":"2024-10-21T09:21:31","slug":"professionals","status":"publish","type":"page","link":"https:\/\/inocainternational.com\/es\/professionals\/","title":{"rendered":"Profesionales"},"content":{"rendered":"<div class=\"wp-block-group redesign-featured-group is-vertical is-layout-flex wp-container-core-group-is-layout-8cf370e7 wp-block-group-is-layout-flex\">\n<figure class=\"wp-block-image size-large featured-image-redesign\"><img data-recalc-dims=\"1\" fetchpriority=\"high\" decoding=\"async\" width=\"525\" height=\"296\" src=\"https:\/\/i0.wp.com\/inocainternational.com\/wp-content\/uploads\/2022\/09\/MG_8210-1-edited-3-scaled.jpg?resize=525%2C296&#038;ssl=1\" alt=\"\" class=\"wp-image-6945\" srcset=\"https:\/\/i0.wp.com\/inocainternational.com\/wp-content\/uploads\/2022\/09\/MG_8210-1-edited-3-scaled.jpg?w=2560&amp;ssl=1 2560w, https:\/\/i0.wp.com\/inocainternational.com\/wp-content\/uploads\/2022\/09\/MG_8210-1-edited-3-scaled.jpg?resize=300%2C169&amp;ssl=1 300w, https:\/\/i0.wp.com\/inocainternational.com\/wp-content\/uploads\/2022\/09\/MG_8210-1-edited-3-scaled.jpg?resize=1024%2C576&amp;ssl=1 1024w, https:\/\/i0.wp.com\/inocainternational.com\/wp-content\/uploads\/2022\/09\/MG_8210-1-edited-3-scaled.jpg?resize=768%2C432&amp;ssl=1 768w, https:\/\/i0.wp.com\/inocainternational.com\/wp-content\/uploads\/2022\/09\/MG_8210-1-edited-3-scaled.jpg?resize=1536%2C865&amp;ssl=1 1536w, https:\/\/i0.wp.com\/inocainternational.com\/wp-content\/uploads\/2022\/09\/MG_8210-1-edited-3-scaled.jpg?resize=2048%2C1153&amp;ssl=1 2048w, https:\/\/i0.wp.com\/inocainternational.com\/wp-content\/uploads\/2022\/09\/MG_8210-1-edited-3-scaled.jpg?resize=500%2C281&amp;ssl=1 500w\" sizes=\"(max-width: 767px) 89vw, (max-width: 1000px) 54vw, (max-width: 1071px) 543px, 580px\" \/><\/figure>\n\n\n\n<h2 class=\"wp-block-heading has-text-align-center\">Profesionales<\/h2>\n\n\n\n<div class=\"wp-block-columns redesign-feature-columns is-layout-flex wp-container-core-columns-is-layout-9d6595d7 wp-block-columns-is-layout-flex\">\n<div class=\"wp-block-column redesign-feature-column is-layout-flow wp-block-column-is-layout-flow\">\n<p class=\"has-text-align-center\" style=\"font-size:24px\"><em><strong><em>&#8220;<\/em><\/strong><\/em>\u201cNo se trata de la perspectiva del paciente y la perspectiva del m\u00e9dico. La \u00fanica perspectiva es la del ser humano que sufre y la del m\u00e9dico que tiene que ayudarle\u2026\u201d.<br>  <br><em><mark style=\"background-color:rgba(0, 0, 0, 0);color:#cbdcec\" class=\"has-inline-color\">Profesor Filippo Crea<\/mark><\/em><\/p>\n<\/div>\n\n\n\n<div class=\"wp-block-column redesign-feature-column is-layout-flow wp-block-column-is-layout-flow\">\n<p class=\"has-text-align-center\">INOCA International reconoce que el campo de la investigaci\u00f3n sobre INOCA todav\u00eda est\u00e1 en pa\u00f1ales en comparaci\u00f3n con las Condiciones Card\u00edacas. En nuestra secci\u00f3n de Profesionales, encontrar\u00e1 enlaces a art\u00edculos, investigaci\u00f3n, informaci\u00f3n de expertos y entrevistas grabadas con expertos de INOCA.<\/p>\n<\/div>\n<\/div>\n<\/div>\n\n\n\n<p class=\"has-text-align-center\">Please remember to join us on our social media platforms to keep up to date with all the latest information and updates too!<br><br>Twitter:\u00a0<mark><mark style=\"background-color:rgba(0, 0, 0, 0);color:#7d1f5f\" class=\"has-inline-color\">@InocaInternati1<\/mark><\/mark><br>Facebook:\u00a0<a href=\"https:\/\/www.facebook.com\/groups\/491395198372627\">https:\/\/www.facebook.com\/groups\/491395198372627<\/a><br>Instagram:\u00a0<a href=\"https:\/\/www.instagram.com\/inoca_international\/\">https:\/\/www.instagram.com\/inoca_international\/<\/a><br>TikTok:\u00a0<a href=\"https:\/\/www.tiktok.com\/@inoca_international\">https:\/\/www.tiktok.com\/@inoca_international<\/a><\/p>\n\n\n\n<div class=\"wp-block-columns redesign-rabbit-holes is-layout-flex wp-container-core-columns-is-layout-9d6595d7 wp-block-columns-is-layout-flex\">\n<div class=\"wp-block-column is-layout-flow wp-block-column-is-layout-flow\">\n<div class=\"wp-block-cover is-light\" style=\"min-height:50vh;aspect-ratio:unset;\"><span aria-hidden=\"true\" class=\"wp-block-cover__background has-background-dim-0 has-background-dim\"><\/span><img data-recalc-dims=\"1\" decoding=\"async\" width=\"525\" height=\"295\" class=\"wp-block-cover__image-background wp-image-5015\" alt=\"\" src=\"https:\/\/i0.wp.com\/inocainternational.com\/wp-content\/uploads\/2022\/07\/dan-dimmock-3mt71MKGjQ0-unsplash-1-scaled.jpg?resize=525%2C295&#038;ssl=1\" data-object-fit=\"cover\" srcset=\"https:\/\/i0.wp.com\/inocainternational.com\/wp-content\/uploads\/2022\/07\/dan-dimmock-3mt71MKGjQ0-unsplash-1-scaled.jpg?w=2560&amp;ssl=1 2560w, https:\/\/i0.wp.com\/inocainternational.com\/wp-content\/uploads\/2022\/07\/dan-dimmock-3mt71MKGjQ0-unsplash-1-scaled.jpg?resize=300%2C169&amp;ssl=1 300w, https:\/\/i0.wp.com\/inocainternational.com\/wp-content\/uploads\/2022\/07\/dan-dimmock-3mt71MKGjQ0-unsplash-1-scaled.jpg?resize=1024%2C576&amp;ssl=1 1024w, https:\/\/i0.wp.com\/inocainternational.com\/wp-content\/uploads\/2022\/07\/dan-dimmock-3mt71MKGjQ0-unsplash-1-scaled.jpg?resize=768%2C432&amp;ssl=1 768w, https:\/\/i0.wp.com\/inocainternational.com\/wp-content\/uploads\/2022\/07\/dan-dimmock-3mt71MKGjQ0-unsplash-1-scaled.jpg?resize=1536%2C864&amp;ssl=1 1536w, https:\/\/i0.wp.com\/inocainternational.com\/wp-content\/uploads\/2022\/07\/dan-dimmock-3mt71MKGjQ0-unsplash-1-scaled.jpg?resize=2048%2C1152&amp;ssl=1 2048w, https:\/\/i0.wp.com\/inocainternational.com\/wp-content\/uploads\/2022\/07\/dan-dimmock-3mt71MKGjQ0-unsplash-1-scaled.jpg?resize=500%2C281&amp;ssl=1 500w\" sizes=\"(max-width: 767px) 89vw, (max-width: 1000px) 54vw, (max-width: 1071px) 543px, 580px\" \/><div class=\"wp-block-cover__inner-container is-layout-flow wp-block-cover-is-layout-flow\">\n<p class=\"has-text-align-center has-white-color has-pale-pink-background-color has-text-color has-background has-large-font-size\"><a href=\"https:\/\/inocainternational.com\/es\/articles\/\">Art\u00edculos<\/a><\/p>\n<\/div><\/div>\n<\/div>\n\n\n\n<div class=\"wp-block-column is-layout-flow wp-block-column-is-layout-flow\">\n<div class=\"wp-block-cover is-light\" style=\"min-height:50vh;aspect-ratio:unset;\"><span aria-hidden=\"true\" class=\"wp-block-cover__background has-background-dim-0 has-background-dim\"><\/span><img data-recalc-dims=\"1\" decoding=\"async\" width=\"525\" height=\"350\" class=\"wp-block-cover__image-background wp-image-5277\" alt=\"\" src=\"https:\/\/i0.wp.com\/inocainternational.com\/wp-content\/uploads\/2022\/08\/research-image-scaled.jpg?resize=525%2C350&#038;ssl=1\" data-object-fit=\"cover\" srcset=\"https:\/\/i0.wp.com\/inocainternational.com\/wp-content\/uploads\/2022\/08\/research-image-scaled.jpg?w=2560&amp;ssl=1 2560w, https:\/\/i0.wp.com\/inocainternational.com\/wp-content\/uploads\/2022\/08\/research-image-scaled.jpg?resize=300%2C200&amp;ssl=1 300w, https:\/\/i0.wp.com\/inocainternational.com\/wp-content\/uploads\/2022\/08\/research-image-scaled.jpg?resize=1024%2C683&amp;ssl=1 1024w, https:\/\/i0.wp.com\/inocainternational.com\/wp-content\/uploads\/2022\/08\/research-image-scaled.jpg?resize=768%2C512&amp;ssl=1 768w, https:\/\/i0.wp.com\/inocainternational.com\/wp-content\/uploads\/2022\/08\/research-image-scaled.jpg?resize=1536%2C1024&amp;ssl=1 1536w, https:\/\/i0.wp.com\/inocainternational.com\/wp-content\/uploads\/2022\/08\/research-image-scaled.jpg?resize=2048%2C1365&amp;ssl=1 2048w, https:\/\/i0.wp.com\/inocainternational.com\/wp-content\/uploads\/2022\/08\/research-image-scaled.jpg?resize=500%2C333&amp;ssl=1 500w\" sizes=\"(max-width: 767px) 89vw, (max-width: 1000px) 54vw, (max-width: 1071px) 543px, 580px\" \/><div class=\"wp-block-cover__inner-container is-layout-flow wp-block-cover-is-layout-flow\">\n<p class=\"has-text-align-center has-white-color has-pale-pink-background-color has-text-color has-background has-large-font-size\"><a href=\"https:\/\/inocainternational.com\/es\/research\/\">Investigaci\u00f3n<\/a><\/p>\n<\/div><\/div>\n<\/div>\n\n\n\n<div class=\"wp-block-column is-layout-flow wp-block-column-is-layout-flow\">\n<div class=\"wp-block-cover is-light\" style=\"min-height:50vh;aspect-ratio:unset;\"><span aria-hidden=\"true\" class=\"wp-block-cover__background has-vivid-red-background-color has-background-dim-0 has-background-dim\"><\/span><img data-recalc-dims=\"1\" loading=\"lazy\" decoding=\"async\" width=\"525\" height=\"295\" class=\"wp-block-cover__image-background wp-image-5487\" alt=\"\" src=\"https:\/\/i0.wp.com\/inocainternational.com\/wp-content\/uploads\/2022\/08\/expert-information-image-scaled.jpg?resize=525%2C295&#038;ssl=1\" data-object-fit=\"cover\" srcset=\"https:\/\/i0.wp.com\/inocainternational.com\/wp-content\/uploads\/2022\/08\/expert-information-image-scaled.jpg?w=2560&amp;ssl=1 2560w, https:\/\/i0.wp.com\/inocainternational.com\/wp-content\/uploads\/2022\/08\/expert-information-image-scaled.jpg?resize=300%2C169&amp;ssl=1 300w, https:\/\/i0.wp.com\/inocainternational.com\/wp-content\/uploads\/2022\/08\/expert-information-image-scaled.jpg?resize=1024%2C576&amp;ssl=1 1024w, https:\/\/i0.wp.com\/inocainternational.com\/wp-content\/uploads\/2022\/08\/expert-information-image-scaled.jpg?resize=768%2C432&amp;ssl=1 768w, https:\/\/i0.wp.com\/inocainternational.com\/wp-content\/uploads\/2022\/08\/expert-information-image-scaled.jpg?resize=1536%2C864&amp;ssl=1 1536w, https:\/\/i0.wp.com\/inocainternational.com\/wp-content\/uploads\/2022\/08\/expert-information-image-scaled.jpg?resize=2048%2C1152&amp;ssl=1 2048w, https:\/\/i0.wp.com\/inocainternational.com\/wp-content\/uploads\/2022\/08\/expert-information-image-scaled.jpg?resize=500%2C281&amp;ssl=1 500w\" sizes=\"(max-width: 767px) 89vw, (max-width: 1000px) 54vw, (max-width: 1071px) 543px, 580px\" \/><div class=\"wp-block-cover__inner-container is-layout-flow wp-block-cover-is-layout-flow\">\n<p class=\"has-text-align-center has-white-color has-pale-pink-background-color has-text-color has-background has-large-font-size\"><a href=\"https:\/\/inocainternational.com\/es\/information-from-our-experts\/\">Informaci\u00f3n De Nuestros Expertos<\/a><\/p>\n<\/div><\/div>\n<\/div>\n<\/div>\n\n\n\n<div class=\"wp-block-columns redesign-rabbit-holes is-layout-flex wp-container-core-columns-is-layout-9d6595d7 wp-block-columns-is-layout-flex\">\n<div class=\"wp-block-column is-layout-flow wp-block-column-is-layout-flow\">\n<div class=\"wp-block-cover\" style=\"min-height:50vh;aspect-ratio:unset;\"><span aria-hidden=\"true\" class=\"wp-block-cover__background has-background-dim-0 has-background-dim\"><\/span><img data-recalc-dims=\"1\" loading=\"lazy\" decoding=\"async\" width=\"525\" height=\"310\" class=\"wp-block-cover__image-background wp-image-5184\" alt=\"\" src=\"https:\/\/i0.wp.com\/inocainternational.com\/wp-content\/uploads\/2022\/07\/Discussion-session-copy.jpeg?resize=525%2C310&#038;ssl=1\" style=\"object-position:40% 46%\" data-object-fit=\"cover\" data-object-position=\"40% 46%\" srcset=\"https:\/\/i0.wp.com\/inocainternational.com\/wp-content\/uploads\/2022\/07\/Discussion-session-copy.jpeg?w=1134&amp;ssl=1 1134w, https:\/\/i0.wp.com\/inocainternational.com\/wp-content\/uploads\/2022\/07\/Discussion-session-copy.jpeg?resize=300%2C177&amp;ssl=1 300w, https:\/\/i0.wp.com\/inocainternational.com\/wp-content\/uploads\/2022\/07\/Discussion-session-copy.jpeg?resize=1024%2C605&amp;ssl=1 1024w, https:\/\/i0.wp.com\/inocainternational.com\/wp-content\/uploads\/2022\/07\/Discussion-session-copy.jpeg?resize=768%2C454&amp;ssl=1 768w, https:\/\/i0.wp.com\/inocainternational.com\/wp-content\/uploads\/2022\/07\/Discussion-session-copy.jpeg?resize=500%2C295&amp;ssl=1 500w\" sizes=\"(max-width: 767px) 89vw, (max-width: 1000px) 54vw, (max-width: 1071px) 543px, 580px\" \/><div class=\"wp-block-cover__inner-container is-layout-flow wp-block-cover-is-layout-flow\">\n<p class=\"has-text-align-center has-white-color has-pale-pink-background-color has-text-color has-background has-large-font-size\"><a href=\"https:\/\/inocainternational.com\/es\/medical-advisory-board\/\">Consejo M\u00e9dico Asesor<\/a><\/p>\n<\/div><\/div>\n<\/div>\n\n\n\n<div class=\"wp-block-column is-layout-flow wp-block-column-is-layout-flow\">\n<div class=\"wp-block-cover\" style=\"min-height:50vh;aspect-ratio:unset;\"><span aria-hidden=\"true\" class=\"wp-block-cover__background has-background-dim-0 has-background-dim\"><\/span><img data-recalc-dims=\"1\" loading=\"lazy\" decoding=\"async\" width=\"525\" height=\"350\" class=\"wp-block-cover__image-background wp-image-5286\" alt=\"\" src=\"https:\/\/i0.wp.com\/inocainternational.com\/wp-content\/uploads\/2022\/08\/podcast-image-scaled.jpg?resize=525%2C350&#038;ssl=1\" style=\"object-position:74% 56%\" data-object-fit=\"cover\" data-object-position=\"74% 56%\" srcset=\"https:\/\/i0.wp.com\/inocainternational.com\/wp-content\/uploads\/2022\/08\/podcast-image-scaled.jpg?w=2560&amp;ssl=1 2560w, https:\/\/i0.wp.com\/inocainternational.com\/wp-content\/uploads\/2022\/08\/podcast-image-scaled.jpg?resize=300%2C200&amp;ssl=1 300w, https:\/\/i0.wp.com\/inocainternational.com\/wp-content\/uploads\/2022\/08\/podcast-image-scaled.jpg?resize=1024%2C683&amp;ssl=1 1024w, https:\/\/i0.wp.com\/inocainternational.com\/wp-content\/uploads\/2022\/08\/podcast-image-scaled.jpg?resize=768%2C512&amp;ssl=1 768w, https:\/\/i0.wp.com\/inocainternational.com\/wp-content\/uploads\/2022\/08\/podcast-image-scaled.jpg?resize=1536%2C1024&amp;ssl=1 1536w, https:\/\/i0.wp.com\/inocainternational.com\/wp-content\/uploads\/2022\/08\/podcast-image-scaled.jpg?resize=2048%2C1365&amp;ssl=1 2048w, https:\/\/i0.wp.com\/inocainternational.com\/wp-content\/uploads\/2022\/08\/podcast-image-scaled.jpg?resize=500%2C333&amp;ssl=1 500w\" sizes=\"(max-width: 767px) 89vw, (max-width: 1000px) 54vw, (max-width: 1071px) 543px, 580px\" \/><div class=\"wp-block-cover__inner-container is-layout-flow wp-block-cover-is-layout-flow\">\n<p class=\"has-text-align-center has-white-color has-pale-pink-background-color has-text-color has-background has-large-font-size\"><a href=\"https:\/\/inocainternational.com\/es\/podcasts\/\">Podcasts<\/a><\/p>\n<\/div><\/div>\n<\/div>\n\n\n\n<div class=\"wp-block-column is-layout-flow wp-block-column-is-layout-flow\">\n<div class=\"wp-block-cover\" style=\"min-height:50vh;aspect-ratio:unset;\"><span aria-hidden=\"true\" class=\"wp-block-cover__background has-background-dim-0 has-background-dim\"><\/span><img data-recalc-dims=\"1\" loading=\"lazy\" decoding=\"async\" width=\"525\" height=\"295\" class=\"wp-block-cover__image-background wp-image-5285\" alt=\"\" src=\"https:\/\/i0.wp.com\/inocainternational.com\/wp-content\/uploads\/2022\/08\/videos-image-scaled.jpg?resize=525%2C295&#038;ssl=1\" data-object-fit=\"cover\" srcset=\"https:\/\/i0.wp.com\/inocainternational.com\/wp-content\/uploads\/2022\/08\/videos-image-scaled.jpg?w=2560&amp;ssl=1 2560w, https:\/\/i0.wp.com\/inocainternational.com\/wp-content\/uploads\/2022\/08\/videos-image-scaled.jpg?resize=300%2C169&amp;ssl=1 300w, https:\/\/i0.wp.com\/inocainternational.com\/wp-content\/uploads\/2022\/08\/videos-image-scaled.jpg?resize=1024%2C576&amp;ssl=1 1024w, https:\/\/i0.wp.com\/inocainternational.com\/wp-content\/uploads\/2022\/08\/videos-image-scaled.jpg?resize=768%2C432&amp;ssl=1 768w, https:\/\/i0.wp.com\/inocainternational.com\/wp-content\/uploads\/2022\/08\/videos-image-scaled.jpg?resize=1536%2C864&amp;ssl=1 1536w, https:\/\/i0.wp.com\/inocainternational.com\/wp-content\/uploads\/2022\/08\/videos-image-scaled.jpg?resize=2048%2C1152&amp;ssl=1 2048w, https:\/\/i0.wp.com\/inocainternational.com\/wp-content\/uploads\/2022\/08\/videos-image-scaled.jpg?resize=500%2C281&amp;ssl=1 500w\" sizes=\"(max-width: 767px) 89vw, (max-width: 1000px) 54vw, (max-width: 1071px) 543px, 580px\" \/><div class=\"wp-block-cover__inner-container is-layout-flow wp-block-cover-is-layout-flow\">\n<p class=\"has-text-align-center has-white-color has-pale-pink-background-color has-text-color has-background has-large-font-size\"><mark style=\"background-color:rgba(0, 0, 0, 0)\" class=\"has-inline-color has-white-color\"><a href=\"https:\/\/inocainternational.com\/es\/videos\/\">V\u00eddeos y Entrevistas<\/a><\/mark><\/p>\n<\/div><\/div>\n<\/div>\n<\/div>\n\n\n\n<div class=\"wp-block-columns redesign-rabbit-holes is-layout-flex wp-container-core-columns-is-layout-9d6595d7 wp-block-columns-is-layout-flex\">\n<div class=\"wp-block-column is-layout-flow wp-block-column-is-layout-flow\">\n<div class=\"wp-block-cover\" style=\"min-height:50vh;aspect-ratio:unset;\"><span aria-hidden=\"true\" class=\"wp-block-cover__background has-background-dim-0 has-background-dim\"><\/span><img data-recalc-dims=\"1\" loading=\"lazy\" decoding=\"async\" width=\"525\" height=\"252\" class=\"wp-block-cover__image-background wp-image-4314\" alt=\"\" src=\"https:\/\/i0.wp.com\/inocainternational.com\/wp-content\/uploads\/2022\/04\/Screenshot-2019-10-12-at-13.32.41-2-1.png?resize=525%2C252&#038;ssl=1\" data-object-fit=\"cover\" srcset=\"https:\/\/i0.wp.com\/inocainternational.com\/wp-content\/uploads\/2022\/04\/Screenshot-2019-10-12-at-13.32.41-2-1.png?w=1554&amp;ssl=1 1554w, https:\/\/i0.wp.com\/inocainternational.com\/wp-content\/uploads\/2022\/04\/Screenshot-2019-10-12-at-13.32.41-2-1.png?resize=300%2C144&amp;ssl=1 300w, https:\/\/i0.wp.com\/inocainternational.com\/wp-content\/uploads\/2022\/04\/Screenshot-2019-10-12-at-13.32.41-2-1.png?resize=1024%2C492&amp;ssl=1 1024w, https:\/\/i0.wp.com\/inocainternational.com\/wp-content\/uploads\/2022\/04\/Screenshot-2019-10-12-at-13.32.41-2-1.png?resize=768%2C369&amp;ssl=1 768w, https:\/\/i0.wp.com\/inocainternational.com\/wp-content\/uploads\/2022\/04\/Screenshot-2019-10-12-at-13.32.41-2-1.png?resize=1536%2C738&amp;ssl=1 1536w\" sizes=\"(max-width: 767px) 89vw, (max-width: 1000px) 54vw, (max-width: 1071px) 543px, 580px\" \/><div class=\"wp-block-cover__inner-container is-layout-flow wp-block-cover-is-layout-flow\">\n<p class=\"has-text-align-center has-white-color has-pale-pink-background-color has-text-color has-background has-large-font-size\"><a href=\"https:\/\/inocainternational.com\/es\/meetings\/\">Reuniones<\/a><\/p>\n<\/div><\/div>\n<\/div>\n\n\n\n<div class=\"wp-block-column is-layout-flow wp-block-column-is-layout-flow\">\n<div class=\"wp-block-cover is-light\" style=\"min-height:50vh;aspect-ratio:unset;\"><span aria-hidden=\"true\" class=\"wp-block-cover__background has-background-dim-0 has-background-dim\"><\/span><img data-recalc-dims=\"1\" loading=\"lazy\" decoding=\"async\" width=\"525\" height=\"402\" class=\"wp-block-cover__image-background wp-image-9210\" alt=\"\" src=\"https:\/\/i0.wp.com\/inocainternational.com\/wp-content\/uploads\/2024\/01\/Screenshot-2022-08-18-at-12.10.50-2.png?resize=525%2C402&#038;ssl=1\" data-object-fit=\"cover\" srcset=\"https:\/\/i0.wp.com\/inocainternational.com\/wp-content\/uploads\/2024\/01\/Screenshot-2022-08-18-at-12.10.50-2.png?w=567&amp;ssl=1 567w, https:\/\/i0.wp.com\/inocainternational.com\/wp-content\/uploads\/2024\/01\/Screenshot-2022-08-18-at-12.10.50-2.png?resize=300%2C230&amp;ssl=1 300w, https:\/\/i0.wp.com\/inocainternational.com\/wp-content\/uploads\/2024\/01\/Screenshot-2022-08-18-at-12.10.50-2.png?resize=16%2C12&amp;ssl=1 16w, https:\/\/i0.wp.com\/inocainternational.com\/wp-content\/uploads\/2024\/01\/Screenshot-2022-08-18-at-12.10.50-2.png?resize=500%2C383&amp;ssl=1 500w\" sizes=\"(max-width: 525px) 100vw, 525px\" \/><div class=\"wp-block-cover__inner-container is-layout-flow wp-block-cover-is-layout-flow\">\n<p class=\"has-text-align-center has-white-color has-pale-pink-background-color has-text-color has-background has-large-font-size\"><mark style=\"background-color:rgba(0, 0, 0, 0)\" class=\"has-inline-color has-white-color\"><a href=\"https:\/\/inocainternational.com\/es\/downloads\/\">Descargas<\/a><\/mark><\/p>\n<\/div><\/div>\n<\/div>\n<\/div>\n\n\n\n<div class=\"wp-block-buttons is-horizontal is-layout-flex wp-block-buttons-is-layout-flex\"><\/div>\n\n\n\n<!-- HTML container for #content -->\n\t\t<div id=\"contactus-popup\" style=\"display: none;\">\n\t\t    <div class=\"popup-contactus\">\n\t\t\t\t<h2>Contact us<\/h2>\t\t\n\t\t\t\t<p>Please be aware that contact forms will be seen by a member of the admin team. <br>\n\t\t\t\t\tPlease also be aware that by sending this email you give permission to INOCA International to keep a record of your email address for future communications. <br>\n\t\t\t\t\t(If you do not wish your email address to be kept on file please indicate this in your email)\n\t\t\t\t<\/p>\n\t\t    \t\n<div class=\"wpcf7 no-js\" id=\"wpcf7-f157-o1\" lang=\"en-GB\" dir=\"ltr\" data-wpcf7-id=\"157\">\n<div class=\"screen-reader-response\"><p role=\"status\" aria-live=\"polite\" aria-atomic=\"true\"><\/p> <ul><\/ul><\/div>\n<form action=\"\/es\/wp-json\/wp\/v2\/pages\/4494#wpcf7-f157-o1\" method=\"post\" class=\"wpcf7-form init\" aria-label=\"Contact form\" novalidate=\"novalidate\" data-status=\"init\" data-trp-original-action=\"\/es\/wp-json\/wp\/v2\/pages\/4494#wpcf7-f157-o1\">\n<div style=\"display: none;\">\n<input type=\"hidden\" name=\"_wpcf7\" value=\"157\" \/>\n<input type=\"hidden\" name=\"_wpcf7_version\" value=\"6.0.6\" \/>\n<input type=\"hidden\" name=\"_wpcf7_locale\" value=\"en_GB\" \/>\n<input type=\"hidden\" name=\"_wpcf7_unit_tag\" value=\"wpcf7-f157-o1\" \/>\n<input type=\"hidden\" name=\"_wpcf7_container_post\" value=\"0\" \/>\n<input type=\"hidden\" name=\"_wpcf7_posted_data_hash\" value=\"\" \/>\n<input type=\"hidden\" name=\"_wpcf7_recaptcha_response\" value=\"\" \/>\n<\/div>\n<p><label> Your Name (required)<br \/>\n<span class=\"wpcf7-form-control-wrap\" data-name=\"your-name\"><input size=\"40\" maxlength=\"400\" class=\"wpcf7-form-control wpcf7-text wpcf7-validates-as-required\" aria-required=\"true\" aria-invalid=\"false\" value=\"\" type=\"text\" name=\"your-name\" \/><\/span> <\/label>\n<\/p>\n<p><label> Your Email (required)<br \/>\n<span class=\"wpcf7-form-control-wrap\" data-name=\"your-email\"><input size=\"40\" maxlength=\"400\" class=\"wpcf7-form-control wpcf7-email wpcf7-validates-as-required wpcf7-text wpcf7-validates-as-email\" aria-required=\"true\" aria-invalid=\"false\" value=\"\" type=\"email\" name=\"your-email\" \/><\/span> <\/label>\n<\/p>\n<p><label> Subject<br \/>\n<span class=\"wpcf7-form-control-wrap\" data-name=\"your-subject\"><input size=\"40\" maxlength=\"400\" class=\"wpcf7-form-control wpcf7-text\" aria-invalid=\"false\" value=\"\" type=\"text\" name=\"your-subject\" \/><\/span> <\/label>\n<\/p>\n<p><label> Your Message<br \/>\n<span class=\"wpcf7-form-control-wrap\" data-name=\"your-message\"><textarea cols=\"40\" rows=\"10\" maxlength=\"2000\" class=\"wpcf7-form-control wpcf7-textarea\" aria-invalid=\"false\" name=\"your-message\"><\/textarea><\/span> <\/label>\n<\/p>\n<p><input class=\"wpcf7-form-control wpcf7-submit has-spinner\" type=\"submit\" value=\"Send\" \/>\n<\/p><div class=\"wpcf7-response-output\" aria-hidden=\"true\"><\/div>\n<input type=\"hidden\" name=\"trp-form-language\" value=\"es\"\/><\/form>\n<\/div>\n\n\t\t    <\/div>\t\t\t\t\t\t\n\t\t<\/div>","protected":false},"excerpt":{"rendered":"<p>Professionals &#8220;This is not the patient perspective and the doctor perspective.&nbsp;&nbsp;The only perspective is the human being who suffers and the doctor who has to help him&#8230; \u201d Professor Filippo Crea INOCA International recognises that the field of INOCA research is still very much in its infancy compared to that of other Cardiac Conditions. In &hellip; <\/p>\n<p class=\"link-more\"><a href=\"https:\/\/inocainternational.com\/es\/professionals\/\" class=\"more-link\">Continue reading<span class=\"screen-reader-text\"> &#8220;Professionals&#8221;<\/span><\/a><\/p>","protected":false},"author":1,"featured_media":0,"parent":0,"menu_order":0,"comment_status":"closed","ping_status":"closed","template":"","meta":{"footnotes":""},"class_list":["post-4494","page","type-page","status-publish","hentry"],"jetpack_sharing_enabled":true,"_links":{"self":[{"href":"https:\/\/inocainternational.com\/es\/wp-json\/wp\/v2\/pages\/4494","targetHints":{"allow":["GET"]}}],"collection":[{"href":"https:\/\/inocainternational.com\/es\/wp-json\/wp\/v2\/pages"}],"about":[{"href":"https:\/\/inocainternational.com\/es\/wp-json\/wp\/v2\/types\/page"}],"author":[{"embeddable":true,"href":"https:\/\/inocainternational.com\/es\/wp-json\/wp\/v2\/users\/1"}],"replies":[{"embeddable":true,"href":"https:\/\/inocainternational.com\/es\/wp-json\/wp\/v2\/comments?post=4494"}],"version-history":[{"count":5,"href":"https:\/\/inocainternational.com\/es\/wp-json\/wp\/v2\/pages\/4494\/revisions"}],"predecessor-version":[{"id":10060,"href":"https:\/\/inocainternational.com\/es\/wp-json\/wp\/v2\/pages\/4494\/revisions\/10060"}],"wp:attachment":[{"href":"https:\/\/inocainternational.com\/es\/wp-json\/wp\/v2\/media?parent=4494"}],"curies":[{"name":"wp","href":"https:\/\/api.w.org\/{rel}","templated":true}]}}